{"id":81,"date":"2018-03-30T02:04:34","date_gmt":"2018-03-30T00:04:34","guid":{"rendered":"http:\/\/site.yumesolutions.fr\/?page_id=81"},"modified":"2025-12-09T14:09:46","modified_gmt":"2025-12-09T13:09:46","slug":"processus_metier","status":"publish","type":"page","link":"https:\/\/yumesolutions.fr\/index.php\/processus_metier\/","title":{"rendered":"Accompagnement_IA"},"content":{"rendered":"<p>[et_pb_section fb_built=\u00a0\u00bb1&Prime; admin_label=\u00a0\u00bbsection\u00a0\u00bb _builder_version=\u00a0\u00bb4.16&Prime; global_colors_info=\u00a0\u00bb{}\u00a0\u00bb][et_pb_row _builder_version=\u00a0\u00bb4.27.4&Prime; _module_preset=\u00a0\u00bbdefault\u00a0\u00bb custom_margin=\u00a0\u00bb-10px||||false|false\u00a0\u00bb global_colors_info=\u00a0\u00bb{}\u00a0\u00bb][et_pb_column type=\u00a0\u00bb4_4&Prime; _builder_version=\u00a0\u00bb4.27.4&Prime; _module_preset=\u00a0\u00bbdefault\u00a0\u00bb global_colors_info=\u00a0\u00bb{}\u00a0\u00bb][et_pb_text _builder_version=\u00a0\u00bb4.27.5&Prime; _module_preset=\u00a0\u00bbdefault\u00a0\u00bb custom_margin=\u00a0\u00bb-20px||||false|false\u00a0\u00bb hover_enabled=\u00a0\u00bb0&Prime; global_colors_info=\u00a0\u00bb{}\u00a0\u00bb sticky_enabled=\u00a0\u00bb0&Prime;]<\/p>\n<h2 style=\"text-align: center;\">Accompagnement sur des projets IA<\/h2>\n<p>Chez Yume Solutions, notre accompagnement en intelligence artificielle aide les organisations \u00e0 transformer leurs ambitions num\u00e9riques en r\u00e9sultats concrets.<\/p>\n<p>D\u00e8s les premi\u00e8res \u00e9tapes du projet, nous intervenons pour clarifier les besoins m\u00e9tiers, structurer les exigences fonctionnelles et cr\u00e9er un v\u00e9ritable lien entre les \u00e9quipes techniques et les utilisateurs finaux.<\/p>\n<p>Nos domaines d\u2019action :<br \/>&#8211; D\u00e9finir une vision strat\u00e9gique claire et les priorit\u00e9s technologiques adapt\u00e9es \u00e0 chaque contexte.<br \/>&#8211; Aligner les solutions d\u2019IA avec les objectifs de performance et de d\u00e9veloppement \u00e0 long terme.<br \/>&#8211; Piloter l\u2019\u00e9volution des outils et l\u2019optimisation des processus de gestion des donn\u00e9es pour maximiser l\u2019efficacit\u00e9 et la valeur g\u00e9n\u00e9r\u00e9e par vos syst\u00e8mes.<\/p>\n<p>&nbsp;<\/p>\n<h2 style=\"text-align: center;\">Formation IA<\/h2>\n<p>Yume Solutions con\u00e7oit et anime des formations d\u00e9di\u00e9es \u00e0 l\u2019intelligence artificielle pour aider les entreprises \u00e0 renforcer leurs comp\u00e9tences internes et \u00e0 tirer pleinement parti des technologies \u00e9mergentes. Nos programmes sur mesure allient th\u00e9orie et pratique afin de rendre l\u2019IA accessible, compr\u00e9hensible et imm\u00e9diatement applicable aux r\u00e9alit\u00e9s op\u00e9rationnelles de chaque organisation.<\/p>\n<p>Qu\u2019il s\u2019agisse d\u2019initier les \u00e9quipes aux fondamentaux ou d\u2019accompagner des profils experts dans la mise en \u0153uvre de solutions avanc\u00e9es, nos formations favorisent une mont\u00e9e en comp\u00e9tence durable et une appropriation concr\u00e8te des outils d\u2019IA.<\/p>\n<p><a href=\"https:\/\/yumesolutions.fr\/#nous_rejoindre\">Contactez nous pour \u00e9changer autour de vos projets IA !<\/a><\/p>\n<p>&nbsp;<\/p>\n<p><img loading=\"lazy\" decoding=\"async\" src=\"https:\/\/yumesolutions.fr\/wp-content\/uploads\/2025\/12\/artificial-intelligence-3706562_1280.jpg\" width=\"1280\" height=\"426\" alt=\"\" class=\"wp-image-1047 alignnone size-full\" style=\"display: block; margin-left: auto; margin-right: auto;\" srcset=\"https:\/\/yumesolutions.fr\/wp-content\/uploads\/2025\/12\/artificial-intelligence-3706562_1280.jpg 1280w, https:\/\/yumesolutions.fr\/wp-content\/uploads\/2025\/12\/artificial-intelligence-3706562_1280-980x326.jpg 980w, https:\/\/yumesolutions.fr\/wp-content\/uploads\/2025\/12\/artificial-intelligence-3706562_1280-480x160.jpg 480w\" sizes=\"(min-width: 0px) and (max-width: 480px) 480px, (min-width: 481px) and (max-width: 980px) 980px, (min-width: 981px) 1280px, 100vw\" \/><\/p>\n<p>[\/et_pb_text][\/et_pb_column][\/et_pb_row][\/et_pb_section]<\/p>\n","protected":false},"excerpt":{"rendered":"<p>Accompagnement sur des projets IA Chez Yume Solutions, notre accompagnement en intelligence artificielle aide les organisations \u00e0 transformer leurs ambitions num\u00e9riques en r\u00e9sultats concrets. D\u00e8s les premi\u00e8res \u00e9tapes du projet, nous intervenons pour clarifier les besoins m\u00e9tiers, structurer les exigences fonctionnelles et cr\u00e9er un v\u00e9ritable lien entre les \u00e9quipes techniques et les utilisateurs finaux. Nos [&hellip;]<\/p>\n","protected":false},"author":1,"featured_media":0,"parent":0,"menu_order":0,"comment_status":"closed","ping_status":"closed","template":"","meta":{"_et_pb_use_builder":"on","_et_pb_old_content":"Processus m\u00e9tier","_et_gb_content_width":"","footnotes":""},"class_list":["post-81","page","type-page","status-publish","hentry"],"_links":{"self":[{"href":"https:\/\/yumesolutions.fr\/index.php\/wp-json\/wp\/v2\/pages\/81","targetHints":{"allow":["GET"]}}],"collection":[{"href":"https:\/\/yumesolutions.fr\/index.php\/wp-json\/wp\/v2\/pages"}],"about":[{"href":"https:\/\/yumesolutions.fr\/index.php\/wp-json\/wp\/v2\/types\/page"}],"author":[{"embeddable":true,"href":"https:\/\/yumesolutions.fr\/index.php\/wp-json\/wp\/v2\/users\/1"}],"replies":[{"embeddable":true,"href":"https:\/\/yumesolutions.fr\/index.php\/wp-json\/wp\/v2\/comments?post=81"}],"version-history":[{"count":9,"href":"https:\/\/yumesolutions.fr\/index.php\/wp-json\/wp\/v2\/pages\/81\/revisions"}],"predecessor-version":[{"id":1151,"href":"https:\/\/yumesolutions.fr\/index.php\/wp-json\/wp\/v2\/pages\/81\/revisions\/1151"}],"wp:attachment":[{"href":"https:\/\/yumesolutions.fr\/index.php\/wp-json\/wp\/v2\/media?parent=81"}],"curies":[{"name":"wp","href":"https:\/\/api.w.org\/{rel}","templated":true}]}}