{"id":625,"date":"2020-08-17T15:15:22","date_gmt":"2020-08-17T13:15:22","guid":{"rendered":"http:\/\/127.0.0.1\/?page_id=625"},"modified":"2025-12-09T14:10:52","modified_gmt":"2025-12-09T13:10:52","slug":"gestion-projet","status":"publish","type":"page","link":"https:\/\/yumesolutions.fr\/index.php\/gestion-projet\/","title":{"rendered":"Gestion de projet"},"content":{"rendered":"<p>[et_pb_section fb_built=\u00a0\u00bb1&Prime; _builder_version=\u00a0\u00bb4.16&Prime; background_color=\u00a0\u00bb#ffffff\u00a0\u00bb custom_margin=\u00a0\u00bb-33px|||||\u00a0\u00bb custom_padding=\u00a0\u00bb23px|0px|20px|0px|false|false\u00a0\u00bb global_colors_info=\u00a0\u00bb{}\u00a0\u00bb][et_pb_row _builder_version=\u00a0\u00bb4.16&Prime; global_colors_info=\u00a0\u00bb{}\u00a0\u00bb][et_pb_column type=\u00a0\u00bb4_4&Prime; _builder_version=\u00a0\u00bb4.16&Prime; custom_padding=\u00a0\u00bb|||\u00a0\u00bb global_colors_info=\u00a0\u00bb{}\u00a0\u00bb custom_padding__hover=\u00a0\u00bb|||\u00a0\u00bb][et_pb_text _builder_version=\u00a0\u00bb4.27.4&Prime; global_colors_info=\u00a0\u00bb{}\u00a0\u00bb]<\/p>\n<h1 style=\"text-align: center;\">Pilotage de projet<\/h1>\n<h3><strong><\/strong><\/h3>\n<h3><strong><\/strong><\/h3>\n<h3><strong>Une gestion de projet pertinente indispensable \u00e0 la r\u00e9ussite<\/strong><\/h3>\n<p>La gestion de projet\u2026 un sujet si vaste qu\u2019une bibliographie\/webographie abondante existe. Abondante mais ne refl\u00e9tant pas la r\u00e9alit\u00e9 du terrain dans beaucoup de cas.<\/p>\n<p>En effet, il existe une tr\u00e8s <strong>grande diff\u00e9rence entre la th\u00e9orie<\/strong> des m\u00e9thodologies diverses et vari\u00e9es (PMP, Agile, Prince etc) <strong>et le quotidien<\/strong> d\u2019un chef de projets en entreprise\u2026 D\u2019o\u00f9 beaucoup de difficult\u00e9s sur ce domaine si particulier de l\u2019informatique.<\/p>\n<p>[\/et_pb_text][\/et_pb_column][\/et_pb_row][et_pb_row _builder_version=\u00a0\u00bb4.16&Prime; background_color=\u00a0\u00bb#ffffff\u00a0\u00bb min_height=\u00a0\u00bb111px\u00a0\u00bb custom_margin=\u00a0\u00bb-6px|auto||auto||\u00a0\u00bb custom_padding=\u00a0\u00bb27px|0px|0|10px|false|false\u00a0\u00bb border_radii=\u00a0\u00bbon|8px|8px|8px|8px\u00a0\u00bb border_width_all=\u00a0\u00bb2px\u00a0\u00bb border_color_all=\u00a0\u00bb#40bad2&Prime; box_shadow_style=\u00a0\u00bbpreset2&Prime; global_colors_info=\u00a0\u00bb{}\u00a0\u00bb][et_pb_column type=\u00a0\u00bb4_4&Prime; _builder_version=\u00a0\u00bb4.16&Prime; custom_padding=\u00a0\u00bb|||\u00a0\u00bb global_colors_info=\u00a0\u00bb{}\u00a0\u00bb custom_padding__hover=\u00a0\u00bb|||\u00a0\u00bb][et_pb_text _builder_version=\u00a0\u00bb4.16&Prime; min_height=\u00a0\u00bb98px\u00a0\u00bb custom_padding=\u00a0\u00bb0px|||||\u00a0\u00bb global_colors_info=\u00a0\u00bb{}\u00a0\u00bb]<\/p>\n<p>Il est \u00e0 noter qu\u2019au moins 70% des projets informatique \u00e9chouent \u00e0 respecter soit le budget, soit le planning, soit le p\u00e9rim\u00e8tre initialement fix\u00e9.<\/p>\n<p>\u00a0Il est m\u00eame \u00e9valu\u00e9 que 4% des projets inf\u00e9rieurs \u00e0 un million d\u2019euros n\u2019aboutissent pas. Ce chiffre passant \u00e0 38% pour les projets de 10 millions d\u2019euros et plus\u00a0!<\/p>\n<p>[\/et_pb_text][\/et_pb_column][\/et_pb_row][et_pb_row _builder_version=\u00a0\u00bb4.16&Prime; global_colors_info=\u00a0\u00bb{}\u00a0\u00bb][et_pb_column type=\u00a0\u00bb4_4&Prime; _builder_version=\u00a0\u00bb4.16&Prime; custom_padding=\u00a0\u00bb|||\u00a0\u00bb global_colors_info=\u00a0\u00bb{}\u00a0\u00bb custom_padding__hover=\u00a0\u00bb|||\u00a0\u00bb][et_pb_text _builder_version=\u00a0\u00bb4.16&Prime; global_colors_info=\u00a0\u00bb{}\u00a0\u00bb]<\/p>\n<p>En outre, une grande difficult\u00e9 est la <strong>tendance naturelle des organisations \u00e0 se focaliser sur un pan unique<\/strong> de la gestion de projet. Tout en n\u00e9gligeant fortement d\u2019autres pans tout aussi importants.<\/p>\n<p>Un exemple\u00a0? Le suivi d\u2019un diagramme de Gantt tr\u00e8s complexe tout au long du projet&#8230; pour finalement d\u00e9couvrir peu avant la fin que 90% de ce diagramme ne couvrait que 30% du p\u00e9rim\u00e8tre\u00a0! La faute \u00e0 un \u00e9blouissement du comit\u00e9 directeur par les supports fournis et un manque de recul sur le projet. En r\u00e9sultat\u00a0: un projet \u00e9chou\u00e9\u2026<\/p>\n<p>Un second exemple\u00a0? Une gestion de l\u2019accompagnement au changement non r\u00e9alis\u00e9e. Dans ce cas d\u2019un projet de changement d\u2019ERP, l\u2019entreprise n\u2019avait pr\u00e9vu aucun accompagnement au changement notable, seulement quelques formations lors du lancement en production. L\u2019appropriation de l\u2019outil fut quasiment nulle et les r\u00e9sultats de l\u2019entreprise s\u2019en sont fortement ressentis post projet.<\/p>\n<p>Moralit\u00e9\u00a0de ces exemples ? N&rsquo;envisager<strong> la gestion projet que sous un aspect particulier peut avoir des cons\u00e9quences dramatiques<\/strong>.<\/p>\n<p>[\/et_pb_text][et_pb_text _builder_version=\u00a0\u00bb4.16&Prime; global_colors_info=\u00a0\u00bb{}\u00a0\u00bb]<\/p>\n<h3>Quelles solutions\u00a0?<\/h3>\n<p>La gestion de projets est-elle donc le point central des \u00e9checs projet\u00a0? Et faudrait-il l\u2019abandonner\u00a0? La r\u00e9ponse est non. Un projet sans gestion est comme un poulet sans t\u00eate, il gesticule avant de s\u2019effondrer\u00a0!<\/p>\n<p><strong>L\u2019important est de mettre en place une gestion de projets adapt\u00e9e<\/strong> \u00e0 la fois au type de projets, \u00e0 l\u2019organisation de l\u2019entreprise et \u00e0 l\u2019ensemble des param\u00e8tres identifiables avant le d\u00e9marrage.<\/p>\n<p>Ainsi vous ne r\u00e9aliserez pas un projet de d\u00e9veloppement de site internet dans un grand groupe de la m\u00eame mani\u00e8re que la mise en place d\u2019un logiciel de gestion dans une PME.<\/p>\n<p>&nbsp;<\/p>\n<p>[\/et_pb_text][et_pb_text _builder_version=\u00a0\u00bb4.27.5&Prime; hover_enabled=\u00a0\u00bb0&Prime; global_colors_info=\u00a0\u00bb{}\u00a0\u00bb sticky_enabled=\u00a0\u00bb0&Prime;]<\/p>\n<h3>L\u2019accompagnement Yume<\/h3>\n<p>Afin de r\u00e9aliser une gestion de projet efficace, Yume Solutions peut vous aider.<\/p>\n<p>Nos consultants, du fait de leur v\u00e9cu \u00e0 la fois en ESN et en client final, poss\u00e8dent une <strong>exp\u00e9rience cons\u00e9quente<\/strong> de la gestion de projet dans tous ses aspects et dans des organisations vari\u00e9es.<\/p>\n<p>Nous pouvons ainsi vous accompagner sur votre<strong> portefeuille de projets<\/strong>, vos projets simples ou complexes, ainsi qu\u2019<strong>assister<\/strong> vos collaborateurs en interne.<\/p>\n<p>Yume Solutions vous propose \u00e9galement une <strong>formation<\/strong> sp\u00e9cifiquement ax\u00e9e sur le quotidien d\u2019un <strong>chef de projet en \u00ab\u00a0client final\u00a0\u00bb<\/strong>, en abordant les grands principes g\u00e9n\u00e9raux de la gestion de projet\u00a0; les sp\u00e9cificit\u00e9s d\u2019\u00eatre un chef de projet en interne\u00a0et les strat\u00e9gies \u00e0 adopter pour r\u00e9ussir.<\/p>\n<p>&nbsp;<\/p>\n<p><a href=\"https:\/\/yumesolutions.fr\/#nous_rejoindre\">N\u2019h\u00e9sitez pas \u00e0 nous contacter afin d\u2019\u00e9changer\u00a0!<\/a><\/p>\n<p>[\/et_pb_text][\/et_pb_column][\/et_pb_row][\/et_pb_section]<\/p>\n","protected":false},"excerpt":{"rendered":"<p>Pilotage de projet Une gestion de projet pertinente indispensable \u00e0 la r\u00e9ussite La gestion de projet\u2026 un sujet si vaste qu\u2019une bibliographie\/webographie abondante existe. Abondante mais ne refl\u00e9tant pas la r\u00e9alit\u00e9 du terrain dans beaucoup de cas. En effet, il existe une tr\u00e8s grande diff\u00e9rence entre la th\u00e9orie des m\u00e9thodologies diverses et vari\u00e9es (PMP, Agile, [&hellip;]<\/p>\n","protected":false},"author":1,"featured_media":0,"parent":0,"menu_order":0,"comment_status":"closed","ping_status":"closed","template":"","meta":{"_et_pb_use_builder":"on","_et_pb_old_content":"","_et_gb_content_width":"","footnotes":""},"class_list":["post-625","page","type-page","status-publish","hentry"],"_links":{"self":[{"href":"https:\/\/yumesolutions.fr\/index.php\/wp-json\/wp\/v2\/pages\/625","targetHints":{"allow":["GET"]}}],"collection":[{"href":"https:\/\/yumesolutions.fr\/index.php\/wp-json\/wp\/v2\/pages"}],"about":[{"href":"https:\/\/yumesolutions.fr\/index.php\/wp-json\/wp\/v2\/types\/page"}],"author":[{"embeddable":true,"href":"https:\/\/yumesolutions.fr\/index.php\/wp-json\/wp\/v2\/users\/1"}],"replies":[{"embeddable":true,"href":"https:\/\/yumesolutions.fr\/index.php\/wp-json\/wp\/v2\/comments?post=625"}],"version-history":[{"count":5,"href":"https:\/\/yumesolutions.fr\/index.php\/wp-json\/wp\/v2\/pages\/625\/revisions"}],"predecessor-version":[{"id":1152,"href":"https:\/\/yumesolutions.fr\/index.php\/wp-json\/wp\/v2\/pages\/625\/revisions\/1152"}],"wp:attachment":[{"href":"https:\/\/yumesolutions.fr\/index.php\/wp-json\/wp\/v2\/media?parent=625"}],"curies":[{"name":"wp","href":"https:\/\/api.w.org\/{rel}","templated":true}]}}