{"id":609,"date":"2020-08-17T14:59:16","date_gmt":"2020-08-17T12:59:16","guid":{"rendered":"http:\/\/127.0.0.1\/?page_id=609"},"modified":"2025-12-09T14:07:05","modified_gmt":"2025-12-09T13:07:05","slug":"accompagnement-de-dsi","status":"publish","type":"page","link":"https:\/\/yumesolutions.fr\/index.php\/accompagnement-de-dsi\/","title":{"rendered":"Accompagnement"},"content":{"rendered":"<p>[et_pb_section fb_built=\u00a0\u00bb1&Prime; _builder_version=\u00a0\u00bb4.16&Prime; background_color=\u00a0\u00bb#ffffff\u00a0\u00bb custom_padding=\u00a0\u00bb23px|0px|20px|0px|false|false\u00a0\u00bb global_colors_info=\u00a0\u00bb{}\u00a0\u00bb][et_pb_row _builder_version=\u00a0\u00bb4.16&Prime; global_colors_info=\u00a0\u00bb{}\u00a0\u00bb][et_pb_column type=\u00a0\u00bb4_4&Prime; _builder_version=\u00a0\u00bb4.16&Prime; custom_padding=\u00a0\u00bb|||\u00a0\u00bb global_colors_info=\u00a0\u00bb{}\u00a0\u00bb custom_padding__hover=\u00a0\u00bb|||\u00a0\u00bb][et_pb_text _builder_version=\u00a0\u00bb4.27.4&Prime; global_colors_info=\u00a0\u00bb{}\u00a0\u00bb]<\/p>\n<h1 style=\"text-align: center;\">Accompagnement de DSI<\/h1>\n<h3>DSI, un poste complexe<\/h3>\n<p>A la fois <strong>expos\u00e9<\/strong> et \u00e0 forte <strong>responsabilit\u00e9<\/strong> le poste de Directeur des Syst\u00e8mes d\u2019Informations est souvent <strong>complexe<\/strong> d\u2019approche et <strong>chronophage<\/strong>.<\/p>\n<p>Le DSI doit, entre autres, \u00e0 la fois\u00a0: \u00eatre un membre du <strong>comit\u00e9 de Direction<\/strong>, <strong>manager<\/strong> une \u00e9quipe cons\u00e9quente, g\u00e9rer des <strong>projets<\/strong> strat\u00e9giques, <strong>d\u00e9cider<\/strong> sur des domaines techniques et fonctionnels larges\u2026<\/p>\n<p><strong>Devant toutes ces \u00e9l\u00e9ments, le DSI organise son \u00e9quipe en interne et a \u00e9ventuellement besoin d\u2019un accompagnement externe personnalis\u00e9.<\/strong><\/p>\n<p>[\/et_pb_text][\/et_pb_column][\/et_pb_row][et_pb_row _builder_version=\u00a0\u00bb4.16&Prime; global_colors_info=\u00a0\u00bb{}\u00a0\u00bb][et_pb_column type=\u00a0\u00bb4_4&Prime; _builder_version=\u00a0\u00bb4.16&Prime; custom_padding=\u00a0\u00bb|||\u00a0\u00bb global_colors_info=\u00a0\u00bb{}\u00a0\u00bb custom_padding__hover=\u00a0\u00bb|||\u00a0\u00bb][et_pb_text _builder_version=\u00a0\u00bb4.16&Prime; global_colors_info=\u00a0\u00bb{}\u00a0\u00bb]<\/p>\n<h3>L\u2019accompagnement Yume des Directions G\u00e9n\u00e9rales<\/h3>\n<p>Yume Solutions est \u00e0 m\u00eame d\u2019<strong>accompagner<\/strong> les <strong>Directions G\u00e9n\u00e9rales<\/strong> sur la relation aupr\u00e8s du Directeur des Syst\u00e8mes d\u2019Information :<\/p>\n<ul>\n<li>Comment <strong>piloter<\/strong> une Direction Informatique<\/li>\n<li>Etudier la viabilit\u00e9 pour les <strong>projets<\/strong> informatique<\/li>\n<li>Comprendre les <strong>blocages<\/strong> de la DSI<\/li>\n<li>Maitriser les <strong>budgets<\/strong> informatique<\/li>\n<\/ul>\n<p>&nbsp;<\/p>\n<h3>L\u2019accompagnement Yume des Directeurs des Syst\u00e8mes d\u2019Information<\/h3>\n<p>Yume Solutions est l\u00e0 afin d\u2019<strong>aider<\/strong> les Directeurs le souhaitant sur les missions cl\u00e9s associ\u00e9es \u00e0 ce poste.<\/p>\n<p>Les consultants Yume Solutions sont intervenus et capables d\u2019accompagner les DSI sur\u00a0:<\/p>\n<ul>\n<li>La r\u00e9daction d\u2019un <strong>sch\u00e9ma directeur<\/strong> SI sur 3 ans\u00a0;\n<ul>\n<li>Accompagnement des d\u00e9cideurs\u00a0;<\/li>\n<li>Analyse du besoin et des enjeux\u00a0;<\/li>\n<\/ul>\n<\/li>\n<li>La r\u00e9daction de la <strong>feuille de route<\/strong> SI\u00a0;\n<ul>\n<li>Accompagnement complet \u00e0 la mise en \u0153uvre\u00a0;<\/li>\n<li>Accompagnement aux appels d\u2019offres et aux choix des soumissionnaires\u00a0;<\/li>\n<\/ul>\n<\/li>\n<li>L\u2019accompagnement au <strong>pilotage<\/strong> de la DSI\u00a0;\n<ul>\n<li>Direction des projets SI\u00a0;<\/li>\n<li>Suivi du prestataire et des acteurs internes\u00a0;<\/li>\n<li>Animation de comit\u00e9s de suivi et de pilotage.<\/li>\n<\/ul>\n<\/li>\n<\/ul>\n<p><a href=\"https:\/\/yumesolutions.fr\/#nous_rejoindre\">\u00a0Nos consultants se tiennent \u00e0 votre disposition afin d\u2019\u00e9changer sur vos activit\u00e9s de pilotage de DSI\u00a0!<\/a><\/p>\n<p>&nbsp;<\/p>\n<p>[\/et_pb_text][\/et_pb_column][\/et_pb_row][\/et_pb_section]<\/p>\n","protected":false},"excerpt":{"rendered":"<p>Accompagnement de DSI DSI, un poste complexe A la fois expos\u00e9 et \u00e0 forte responsabilit\u00e9 le poste de Directeur des Syst\u00e8mes d\u2019Informations est souvent complexe d\u2019approche et chronophage. Le DSI doit, entre autres, \u00e0 la fois\u00a0: \u00eatre un membre du comit\u00e9 de Direction, manager une \u00e9quipe cons\u00e9quente, g\u00e9rer des projets strat\u00e9giques, d\u00e9cider sur des domaines [&hellip;]<\/p>\n","protected":false},"author":1,"featured_media":0,"parent":0,"menu_order":0,"comment_status":"closed","ping_status":"closed","template":"","meta":{"_et_pb_use_builder":"on","_et_pb_old_content":"","_et_gb_content_width":"","footnotes":""},"class_list":["post-609","page","type-page","status-publish","hentry"],"_links":{"self":[{"href":"https:\/\/yumesolutions.fr\/index.php\/wp-json\/wp\/v2\/pages\/609","targetHints":{"allow":["GET"]}}],"collection":[{"href":"https:\/\/yumesolutions.fr\/index.php\/wp-json\/wp\/v2\/pages"}],"about":[{"href":"https:\/\/yumesolutions.fr\/index.php\/wp-json\/wp\/v2\/types\/page"}],"author":[{"embeddable":true,"href":"https:\/\/yumesolutions.fr\/index.php\/wp-json\/wp\/v2\/users\/1"}],"replies":[{"embeddable":true,"href":"https:\/\/yumesolutions.fr\/index.php\/wp-json\/wp\/v2\/comments?post=609"}],"version-history":[{"count":2,"href":"https:\/\/yumesolutions.fr\/index.php\/wp-json\/wp\/v2\/pages\/609\/revisions"}],"predecessor-version":[{"id":1148,"href":"https:\/\/yumesolutions.fr\/index.php\/wp-json\/wp\/v2\/pages\/609\/revisions\/1148"}],"wp:attachment":[{"href":"https:\/\/yumesolutions.fr\/index.php\/wp-json\/wp\/v2\/media?parent=609"}],"curies":[{"name":"wp","href":"https:\/\/api.w.org\/{rel}","templated":true}]}}