{"id":543,"date":"2020-08-17T11:29:26","date_gmt":"2020-08-17T09:29:26","guid":{"rendered":"http:\/\/127.0.0.1\/?page_id=543"},"modified":"2025-12-09T14:13:06","modified_gmt":"2025-12-09T13:13:06","slug":"amoa","status":"publish","type":"page","link":"https:\/\/yumesolutions.fr\/index.php\/amoa\/","title":{"rendered":"Accompagnement"},"content":{"rendered":"<p>[et_pb_section fb_built=\u00a0\u00bb1&Prime; _builder_version=\u00a0\u00bb4.16&Prime; background_color=\u00a0\u00bb#ffffff\u00a0\u00bb custom_padding=\u00a0\u00bb23px|0px|20px|0px|false|false\u00a0\u00bb global_colors_info=\u00a0\u00bb{}\u00a0\u00bb][et_pb_row _builder_version=\u00a0\u00bb4.16&Prime; global_colors_info=\u00a0\u00bb{}\u00a0\u00bb][et_pb_column type=\u00a0\u00bb4_4&Prime; _builder_version=\u00a0\u00bb4.16&Prime; custom_padding=\u00a0\u00bb|||\u00a0\u00bb global_colors_info=\u00a0\u00bb{}\u00a0\u00bb custom_padding__hover=\u00a0\u00bb|||\u00a0\u00bb][et_pb_text _builder_version=\u00a0\u00bb4.27.4&Prime; global_colors_info=\u00a0\u00bb{}\u00a0\u00bb]<\/p>\n<h1 style=\"text-align: center;\">Accompagnement cahier des charges et s\u00e9lection de prestataires<\/h1>\n<h3><\/h3>\n<h3>Des difficult\u00e9s diverses<\/h3>\n<p>De nombreux projets n\u2019atteignent pas leurs objectifs du fait d\u2019un <strong>manque de liant <\/strong>entre le m\u00e9tier et la technique.<\/p>\n<p>De m\u00eame, des services poss\u00e8dent des <strong>difficult\u00e9s de communication<\/strong> du fait d\u2019un manque d\u2019analyse partag\u00e9e\u00a0et bonne compr\u00e9hension du r\u00f4le de chacun<\/p>\n<p>[\/et_pb_text][\/et_pb_column][\/et_pb_row][et_pb_row _builder_version=\u00a0\u00bb4.16&Prime; background_color=\u00a0\u00bb#ffffff\u00a0\u00bb min_height=\u00a0\u00bb111px\u00a0\u00bb custom_margin=\u00a0\u00bb-6px|auto||auto||\u00a0\u00bb custom_padding=\u00a0\u00bb27px|0px|0|10px|false|false\u00a0\u00bb border_radii=\u00a0\u00bbon|8px|8px|8px|8px\u00a0\u00bb border_width_all=\u00a0\u00bb2px\u00a0\u00bb border_color_all=\u00a0\u00bb#40bad2&Prime; box_shadow_style=\u00a0\u00bbpreset2&Prime; global_colors_info=\u00a0\u00bb{}\u00a0\u00bb][et_pb_column type=\u00a0\u00bb4_4&Prime; _builder_version=\u00a0\u00bb4.16&Prime; custom_padding=\u00a0\u00bb|||\u00a0\u00bb global_colors_info=\u00a0\u00bb{}\u00a0\u00bb custom_padding__hover=\u00a0\u00bb|||\u00a0\u00bb][et_pb_text _builder_version=\u00a0\u00bb4.16&Prime; min_height=\u00a0\u00bb98px\u00a0\u00bb custom_padding=\u00a0\u00bb0px|||||\u00a0\u00bb global_colors_info=\u00a0\u00bb{}\u00a0\u00bb]<\/p>\n<p><strong>Comment rem\u00e9dier \u00e0 ces probl\u00e9matiques lourdes qui p\u00e9nalisent votre entreprise ? <\/strong><\/p>\n<p><strong>L\u2019ajout d\u2019une Assistance \u00e0 Ma\u00eetrise d\u2019Ouvrage (AMOA) ou d\u2019une Assistance \u00e0 Ma\u00eetrise d\u2019\u0152uvre (AMOE) \u00e0 un projet ou \u00e0 un service est une solution efficace.<\/strong><\/p>\n<p>[\/et_pb_text][\/et_pb_column][\/et_pb_row][et_pb_row _builder_version=\u00a0\u00bb4.16&Prime; global_colors_info=\u00a0\u00bb{}\u00a0\u00bb][et_pb_column type=\u00a0\u00bb4_4&Prime; _builder_version=\u00a0\u00bb4.16&Prime; custom_padding=\u00a0\u00bb|||\u00a0\u00bb global_colors_info=\u00a0\u00bb{}\u00a0\u00bb custom_padding__hover=\u00a0\u00bb|||\u00a0\u00bb][et_pb_text _builder_version=\u00a0\u00bb4.27.5&Prime; hover_enabled=\u00a0\u00bb0&Prime; global_colors_info=\u00a0\u00bb{}\u00a0\u00bb sticky_enabled=\u00a0\u00bb0&Prime;]<\/p>\n<h3>L\u2019accompagnement Yume<\/h3>\n<p>Les consultants Yume Solutions, gr\u00e2ce \u00e0 leur <strong>exp\u00e9rience<\/strong> sur divers sujets au sein de nombreuses organisations, sont \u00e0 m\u00eame de vous accompagner sur des missions de ce type.<\/p>\n<p>Leurs forces\u00a0:<\/p>\n<ul>\n<li>Une <strong>compr\u00e9hension<\/strong> approfondie des diff\u00e9rentes directions M\u00e9tiers\u00a0et Support ;<\/li>\n<li>Une <strong>connaissance<\/strong> tr\u00e8s compl\u00e8te du monde la formation professionnelle et des institutions\u00a0;<\/li>\n<li>Une app\u00e9tence pour \u00eatre le <strong>lien<\/strong> entre les services et les personnes\u00a0;<\/li>\n<li>Une grande exp\u00e9rience en <strong>r\u00e9daction<\/strong> de documents projets\u00a0;<\/li>\n<\/ul>\n<p>Yume Solutions accompagne les <strong>organisations<\/strong> <strong>publiques<\/strong> fran\u00e7aises et <strong>priv\u00e9es<\/strong> dans toutes les \u00e9tapes des<strong> appels d\u2019offres<\/strong>, depuis la r\u00e9daction du cahier des charges jusqu\u2019\u00e0 la s\u00e9lection des prestataires. Notre expertise permet de structurer des documents clairs, complets et conformes aux exigences r\u00e9glementaires tout en assurant une <strong>parfaite ad\u00e9quation entre les besoins exprim\u00e9s et les solutions recherch\u00e9es.<\/strong><\/p>\n<p>En s\u2019appuyant sur une compr\u00e9hension fine des enjeux m\u00e9tiers et technologiques, nous <strong>facilitons<\/strong> la <strong>mise en concurrence<\/strong>, <strong>s\u00e9curisons<\/strong> le processus de <strong>s\u00e9lection<\/strong> et contribuons \u00e0 la <strong>r\u00e9ussite<\/strong> op\u00e9rationnelle de chaque projet.<\/p>\n<p><a href=\"https:\/\/yumesolutions.fr\/#nous_rejoindre\">\u00a0Nous sommes \u00e0 votre disposition afin d&rsquo;\u00e9changer autour de vos besoins !<\/a><\/p>\n<p>[\/et_pb_text][\/et_pb_column][\/et_pb_row][\/et_pb_section]<\/p>\n","protected":false},"excerpt":{"rendered":"<p>Accompagnement cahier des charges et s\u00e9lection de prestataires Des difficult\u00e9s diverses De nombreux projets n\u2019atteignent pas leurs objectifs du fait d\u2019un manque de liant entre le m\u00e9tier et la technique. De m\u00eame, des services poss\u00e8dent des difficult\u00e9s de communication du fait d\u2019un manque d\u2019analyse partag\u00e9e\u00a0et bonne compr\u00e9hension du r\u00f4le de chacunComment rem\u00e9dier \u00e0 ces probl\u00e9matiques [&hellip;]<\/p>\n","protected":false},"author":1,"featured_media":0,"parent":0,"menu_order":0,"comment_status":"closed","ping_status":"closed","template":"","meta":{"_et_pb_use_builder":"on","_et_pb_old_content":"","_et_gb_content_width":"","footnotes":""},"class_list":["post-543","page","type-page","status-publish","hentry"],"_links":{"self":[{"href":"https:\/\/yumesolutions.fr\/index.php\/wp-json\/wp\/v2\/pages\/543","targetHints":{"allow":["GET"]}}],"collection":[{"href":"https:\/\/yumesolutions.fr\/index.php\/wp-json\/wp\/v2\/pages"}],"about":[{"href":"https:\/\/yumesolutions.fr\/index.php\/wp-json\/wp\/v2\/types\/page"}],"author":[{"embeddable":true,"href":"https:\/\/yumesolutions.fr\/index.php\/wp-json\/wp\/v2\/users\/1"}],"replies":[{"embeddable":true,"href":"https:\/\/yumesolutions.fr\/index.php\/wp-json\/wp\/v2\/comments?post=543"}],"version-history":[{"count":7,"href":"https:\/\/yumesolutions.fr\/index.php\/wp-json\/wp\/v2\/pages\/543\/revisions"}],"predecessor-version":[{"id":1155,"href":"https:\/\/yumesolutions.fr\/index.php\/wp-json\/wp\/v2\/pages\/543\/revisions\/1155"}],"wp:attachment":[{"href":"https:\/\/yumesolutions.fr\/index.php\/wp-json\/wp\/v2\/media?parent=543"}],"curies":[{"name":"wp","href":"https:\/\/api.w.org\/{rel}","templated":true}]}}