{"id":532,"date":"2020-08-17T11:20:29","date_gmt":"2020-08-17T09:20:29","guid":{"rendered":"http:\/\/127.0.0.1\/?page_id=532"},"modified":"2025-12-03T14:27:57","modified_gmt":"2025-12-03T13:27:57","slug":"strategie-2","status":"publish","type":"page","link":"https:\/\/yumesolutions.fr\/index.php\/strategie-2\/","title":{"rendered":"Strat\u00e9gie d&rsquo;entreprise"},"content":{"rendered":"<p>[et_pb_section fb_built=\u00a0\u00bb1&Prime; _builder_version=\u00a0\u00bb4.16&Prime; background_color=\u00a0\u00bb#ffffff\u00a0\u00bb custom_padding=\u00a0\u00bb23px|0px|20px|0px|false|false\u00a0\u00bb global_colors_info=\u00a0\u00bb{}\u00a0\u00bb][et_pb_row _builder_version=\u00a0\u00bb4.16&Prime; global_colors_info=\u00a0\u00bb{}\u00a0\u00bb][et_pb_column type=\u00a0\u00bb4_4&Prime; _builder_version=\u00a0\u00bb4.16&Prime; custom_padding=\u00a0\u00bb|||\u00a0\u00bb hover_enabled=\u00a0\u00bb0&Prime; global_colors_info=\u00a0\u00bb{}\u00a0\u00bb custom_padding__hover=\u00a0\u00bb|||\u00a0\u00bb sticky_enabled=\u00a0\u00bb0&Prime;][et_pb_text _builder_version=\u00a0\u00bb4.27.4&Prime; hover_enabled=\u00a0\u00bb0&Prime; global_colors_info=\u00a0\u00bb{}\u00a0\u00bb sticky_enabled=\u00a0\u00bb0&Prime;]<\/p>\n<h1 style=\"text-align: center;\">Strat\u00e9gie d&rsquo;entreprise<\/h1>\n<h3><\/h3>\n<h3>Pourquoi d\u00e9finir une strat\u00e9gie d\u2019entreprise\u00a0?<\/h3>\n<p>[\/et_pb_text][\/et_pb_column][\/et_pb_row][et_pb_row _builder_version=\u00a0\u00bb4.16&Prime; background_color=\u00a0\u00bb#ffffff\u00a0\u00bb min_height=\u00a0\u00bb111px\u00a0\u00bb custom_margin=\u00a0\u00bb-6px|auto||auto||\u00a0\u00bb custom_padding=\u00a0\u00bb27px|0px|0|10px|false|false\u00a0\u00bb border_radii=\u00a0\u00bbon|8px|8px|8px|8px\u00a0\u00bb border_width_all=\u00a0\u00bb2px\u00a0\u00bb border_color_all=\u00a0\u00bb#40bad2&Prime; box_shadow_style=\u00a0\u00bbpreset2&Prime; global_colors_info=\u00a0\u00bb{}\u00a0\u00bb][et_pb_column type=\u00a0\u00bb4_4&Prime; _builder_version=\u00a0\u00bb4.16&Prime; custom_padding=\u00a0\u00bb|||\u00a0\u00bb global_colors_info=\u00a0\u00bb{}\u00a0\u00bb custom_padding__hover=\u00a0\u00bb|||\u00a0\u00bb][et_pb_text _builder_version=\u00a0\u00bb4.16&Prime; min_height=\u00a0\u00bb98px\u00a0\u00bb custom_padding=\u00a0\u00bb0px|||||\u00a0\u00bb global_colors_info=\u00a0\u00bb{}\u00a0\u00bb]<\/p>\n<p><em>\u00ab\u00a0Les <strong>urgences quotidiennes<\/strong> bousculent r\u00e9guli\u00e8rement l\u2019organisation de mon service et de mon temps\u00a0\u00bb (Un Directeur de service)<\/em><\/p>\n<p><em>\u00ab\u00a0De nombreuses difficult\u00e9s professionnelles \u00e0 mon niveau proviennent d\u2019un <strong>manque de vision <\/strong>strat\u00e9gique de la Direction\u00a0\u00bb (Un employ\u00e9)<\/em><\/p>\n<p>[\/et_pb_text][\/et_pb_column][\/et_pb_row][et_pb_row _builder_version=\u00a0\u00bb4.16&Prime; global_colors_info=\u00a0\u00bb{}\u00a0\u00bb][et_pb_column type=\u00a0\u00bb4_4&Prime; _builder_version=\u00a0\u00bb4.16&Prime; custom_padding=\u00a0\u00bb|||\u00a0\u00bb global_colors_info=\u00a0\u00bb{}\u00a0\u00bb custom_padding__hover=\u00a0\u00bb|||\u00a0\u00bb][et_pb_text _builder_version=\u00a0\u00bb4.16&Prime; global_colors_info=\u00a0\u00bb{}\u00a0\u00bb]<\/p>\n<p>Ces t\u00e9moignages apportent un \u00e9clairage sur l\u2019importante d\u2019une strat\u00e9gie claire et d\u00e9finie pour votre entreprise. Sans oublier, pour les axes non confidentiels, une communication \u00e0 l\u2019ensemble de l\u2019entreprise. Ceci dans un objectif d\u2019adh\u00e9sion et de r\u00e9ussite.<\/p>\n<p><strong>La mise en place d\u2019une strat\u00e9gie d\u2019ensemble pour encadrer vos op\u00e9rations et fixer des objectifs permet de replacer votre entreprise sur la voie de la r\u00e9ussite.<\/strong><\/p>\n<p>&nbsp;<\/p>\n<h3><strong>L\u2019accompagnement Yume<\/strong><\/h3>\n<p>L\u2019expertise Yume Solutions est \u00e0 votre disposition pour vous aider \u00e0 poser un <strong>regard neuf<\/strong> sur votre entreprise ou institution et d\u00e9tecter les points <strong>forts<\/strong> ainsi que les points d\u2019<strong>am\u00e9lioration<\/strong>.<\/p>\n<p>Au travers d\u2019un service personnalis\u00e9 et adapt\u00e9 \u00e0 chaque client, notre objectif est de vous permettre d\u2019\u00e9tablir un <strong>plan \u00e0 long terme<\/strong> sur une horizon 3 \u00e0 5 ans.<\/p>\n<p>&nbsp;<\/p>\n<p>Notre \u00e9quipe, aux expertises multidisciplinaires, peut r\u00e9aliser\u00a0:<\/p>\n<ul>\n<li>Un <strong>diagnostic strat\u00e9gique<\/strong> approfondi de votre organisation, vos processus, votre strat\u00e9gie actuelle\u00a0;<\/li>\n<li>Une d\u00e9finition de <strong>cible<\/strong> long terme\u00a0en phase avec les enjeux forts de la Direction\u00a0;<\/li>\n<li>Une d\u00e9finition d\u2019<strong>axes strat\u00e9giques<\/strong> ambitieux, mais r\u00e9alistes\u00a0;<\/li>\n<li>Une aide aux <strong>d\u00e9cisions<\/strong> \u00e0 destination de la Direction\u00a0;<\/li>\n<li>Une Organisation et une planification des <strong>projets cl\u00e9s<\/strong>.<\/li>\n<\/ul>\n<p>&nbsp;<\/p>\n<p>Contactez-nous afin de r\u00e9fl\u00e9chir ensemble sur la strat\u00e9gie de votre organisation\u00a0!<\/p>\n<p>[\/et_pb_text][\/et_pb_column][\/et_pb_row][\/et_pb_section]<\/p>\n","protected":false},"excerpt":{"rendered":"<p>Strat\u00e9gie d&rsquo;entreprise Pourquoi d\u00e9finir une strat\u00e9gie d\u2019entreprise\u00a0?\u00ab\u00a0Les urgences quotidiennes bousculent r\u00e9guli\u00e8rement l\u2019organisation de mon service et de mon temps\u00a0\u00bb (Un Directeur de service) \u00ab\u00a0De nombreuses difficult\u00e9s professionnelles \u00e0 mon niveau proviennent d\u2019un manque de vision strat\u00e9gique de la Direction\u00a0\u00bb (Un employ\u00e9)Ces t\u00e9moignages apportent un \u00e9clairage sur l\u2019importante d\u2019une strat\u00e9gie claire et d\u00e9finie pour votre entreprise. [&hellip;]<\/p>\n","protected":false},"author":1,"featured_media":0,"parent":0,"menu_order":0,"comment_status":"closed","ping_status":"closed","template":"","meta":{"_et_pb_use_builder":"on","_et_pb_old_content":"","_et_gb_content_width":"","footnotes":""},"class_list":["post-532","page","type-page","status-publish","hentry"],"_links":{"self":[{"href":"https:\/\/yumesolutions.fr\/index.php\/wp-json\/wp\/v2\/pages\/532","targetHints":{"allow":["GET"]}}],"collection":[{"href":"https:\/\/yumesolutions.fr\/index.php\/wp-json\/wp\/v2\/pages"}],"about":[{"href":"https:\/\/yumesolutions.fr\/index.php\/wp-json\/wp\/v2\/types\/page"}],"author":[{"embeddable":true,"href":"https:\/\/yumesolutions.fr\/index.php\/wp-json\/wp\/v2\/users\/1"}],"replies":[{"embeddable":true,"href":"https:\/\/yumesolutions.fr\/index.php\/wp-json\/wp\/v2\/comments?post=532"}],"version-history":[{"count":2,"href":"https:\/\/yumesolutions.fr\/index.php\/wp-json\/wp\/v2\/pages\/532\/revisions"}],"predecessor-version":[{"id":1100,"href":"https:\/\/yumesolutions.fr\/index.php\/wp-json\/wp\/v2\/pages\/532\/revisions\/1100"}],"wp:attachment":[{"href":"https:\/\/yumesolutions.fr\/index.php\/wp-json\/wp\/v2\/media?parent=532"}],"curies":[{"name":"wp","href":"https:\/\/api.w.org\/{rel}","templated":true}]}}