{"id":485,"date":"2020-08-07T15:01:34","date_gmt":"2020-08-07T13:01:34","guid":{"rendered":"http:\/\/127.0.0.1\/?page_id=485"},"modified":"2026-03-26T12:04:55","modified_gmt":"2026-03-26T11:04:55","slug":"presentation","status":"publish","type":"page","link":"https:\/\/yumesolutions.fr\/index.php\/presentation\/","title":{"rendered":"Pr\u00e9sentation"},"content":{"rendered":"<p>[et_pb_section fb_built=\u00a0\u00bb1&Prime; _builder_version=\u00a0\u00bb4.16&Prime; background_color=\u00a0\u00bb#ffffff\u00a0\u00bb min_height=\u00a0\u00bb146.4px\u00a0\u00bb custom_padding=\u00a0\u00bb32px|0px|0|0px|false|false\u00a0\u00bb global_colors_info=\u00a0\u00bb{}\u00a0\u00bb][et_pb_row _builder_version=\u00a0\u00bb4.27.4&Prime; _module_preset=\u00a0\u00bbdefault\u00a0\u00bb global_colors_info=\u00a0\u00bb{}\u00a0\u00bb][et_pb_column type=\u00a0\u00bb4_4&Prime; _builder_version=\u00a0\u00bb4.27.4&Prime; _module_preset=\u00a0\u00bbdefault\u00a0\u00bb global_colors_info=\u00a0\u00bb{}\u00a0\u00bb][et_pb_text _builder_version=\u00a0\u00bb4.27.4&Prime; _module_preset=\u00a0\u00bbdefault\u00a0\u00bb custom_padding=\u00a0\u00bb||0px|||\u00a0\u00bb global_colors_info=\u00a0\u00bb{}\u00a0\u00bb]<\/p>\n<h1 style=\"text-align: center;\"><span style=\"color: #292929;\"><strong>Qui sommes-nous ?<\/strong><\/span><\/h1>\n<p><span style=\"color: #292929;\"><strong><\/strong><\/span><\/p>\n<h3 style=\"text-align: center;\"><span style=\"color: #292929;\"><strong>Yume en bref<\/strong><\/span><\/h3>\n<p><span style=\"color: #292929;\">Yume Solutions est une soci\u00e9t\u00e9 fond\u00e9e en <strong>2016<\/strong>. Sp\u00e9cialis\u00e9 en conseil informatique et en d\u00e9veloppement, via sa filiale Yume Soft.<\/span><\/p>\n<p><span style=\"color: #292929;\">Depuis sa cr\u00e9ation, Yume poursuit une <strong>croissance continue et forte<\/strong>.<\/span><\/p>\n<p><span style=\"color: #292929;\">Yume a pour but d\u2019<strong>accompagner<\/strong> ses clients au travers de <strong>missions de conseil<\/strong> diverses et approfondies. Yume Solutions intervient sur la France depuis sa cr\u00e9ation, en particulier sur les r\u00e9gions <strong>toulousaine, bordelaise et parisienne<\/strong>.<\/span><\/p>\n<p><span style=\"color: #292929;\">Depuis <strong>2024<\/strong>, Yume Solutions est implant\u00e9 \u00e9galement en <strong>Suisse, <\/strong>dans la ville de<strong> Lausanne.<\/strong><\/span><\/p>\n<p><span style=\"color: #292929;\"><strong>\u00a0<\/strong><\/span><\/p>\n<h3 style=\"text-align: center;\"><span style=\"color: #292929;\"><strong>Nos Convictions<\/strong><\/span><\/h3>\n<p><span style=\"color: #292929;\"><strong>Techniques de travail<\/strong><\/span><\/p>\n<p><span style=\"color: #292929;\">Chez Yume Solutions, nous identifions la <strong>strat\u00e9gie du client<\/strong> et nous <strong>structurons le num\u00e9rique<\/strong> pour le mettre \u00e0 son service.<br \/>Nous recueillons les informations sous forme d\u2019<strong>interviews individuelles<\/strong>. L\u2019exp\u00e9rience Yume Solutions a montr\u00e9 que cette forme permet de r\u00e9cup\u00e9rer le maximum d\u2019informations formelles et informelles en un minimum de temps.<br \/>Nous travaillons <strong>sans pr\u00e9jug\u00e9<\/strong>. L\u2019objectif est de ne pas n\u00e9gliger un pan du projet par certitude non confirm\u00e9e.<br \/>Nous recourrons aux <strong>sch\u00e9mas<\/strong> afin de rendre le projet simple \u00e0 comprendre pour tous les acteurs.<\/span><\/p>\n<p>[\/et_pb_text][\/et_pb_column][\/et_pb_row][et_pb_row _builder_version=\u00a0\u00bb4.16&Prime; custom_padding=\u00a0\u00bb13px|0px|27px|0px|false|false\u00a0\u00bb global_colors_info=\u00a0\u00bb{}\u00a0\u00bb][et_pb_column type=\u00a0\u00bb4_4&Prime; _builder_version=\u00a0\u00bb4.16&Prime; custom_padding=\u00a0\u00bb|||\u00a0\u00bb global_colors_info=\u00a0\u00bb{}\u00a0\u00bb custom_padding__hover=\u00a0\u00bb|||\u00a0\u00bb][et_pb_video src=\u00a0\u00bbhttps:\/\/www.youtube.com\/watch?v=phEZNLf04CY\u00a0\u00bb _builder_version=\u00a0\u00bb4.16&Prime; _module_preset=\u00a0\u00bbdefault\u00a0\u00bb global_colors_info=\u00a0\u00bb{}\u00a0\u00bb][\/et_pb_video][\/et_pb_column][\/et_pb_row][et_pb_row _builder_version=\u00a0\u00bb4.27.4&Prime; _module_preset=\u00a0\u00bbdefault\u00a0\u00bb global_colors_info=\u00a0\u00bb{}\u00a0\u00bb][et_pb_column type=\u00a0\u00bb4_4&Prime; _builder_version=\u00a0\u00bb4.27.4&Prime; _module_preset=\u00a0\u00bbdefault\u00a0\u00bb global_colors_info=\u00a0\u00bb{}\u00a0\u00bb][et_pb_text _builder_version=\u00a0\u00bb4.27.5&Prime; _module_preset=\u00a0\u00bbdefault\u00a0\u00bb hover_enabled=\u00a0\u00bb0&Prime; global_colors_info=\u00a0\u00bb{}\u00a0\u00bb sticky_enabled=\u00a0\u00bb0&Prime;]<\/p>\n<p><span style=\"color: #292929;\"><strong>Aide au DSI<\/strong><\/span><\/p>\n<p><span style=\"color: #292929;\">Notre conviction est que l\u2019objectif d\u2019une Direction SI est d\u2019obtenir une <strong>satisfaction globale<\/strong> des acteurs cl\u00e9s, quel que soit leur direction m\u00e9tier ou technique.<\/span><\/p>\n<p><span style=\"color: #292929;\">Pour cela, nous avons la certitude que les DSI doivent se structurer en se <strong>centrant<\/strong> sur le <strong>service<\/strong> qu\u2019elles d\u00e9livrent aux autres directions.<\/span><\/p>\n<p><span style=\"color: #292929;\">\u00a0<\/span><\/p>\n<p><span style=\"color: #292929;\"><strong>Une entreprise \u00e9coresponsable<\/strong><\/span><\/p>\n<p><span style=\"color: #292929;\">Yume Solutions s\u2019engage dans une d\u00e9marche active de <strong>d\u00e9veloppement durable<\/strong>. Pour cela les <strong>visio-conf\u00e9rences <\/strong>sont privil\u00e9gi\u00e9es.<\/span><\/p>\n<p><span style=\"color: #292929;\">Lorsque c\u2019est possible\u00a0et raisonnable, les d\u00e9placements pour les r\u00e9unions le n\u00e9cessitant sont effectu\u00e9s en <strong>train<\/strong> plut\u00f4t qu\u2019en avion ou voiture. La politique d\u2019entreprise <strong>r\u00e9compensant<\/strong> les collaborateurs pour le choix de ce moyen de transport \u00e9cologique.<\/span><\/p>\n<p><span style=\"color: #292929;\"><\/span><\/p>\n<p><span style=\"color: #292929;\"><strong>Notre charte \u00e9thique<\/strong><\/span><\/p>\n<p><a href=\"https:\/\/yumesolutions.fr\/wp-content\/uploads\/2026\/03\/YUME-Solutions-Charte-ethique.pdf\" target=\"_blank\" rel=\"noopener\"><span style=\"color: #292929;\">Vous pouvez retrouver notre chaque \u00e9thique ici.<\/span><\/a><\/p>\n<p>[\/et_pb_text][\/et_pb_column][\/et_pb_row][\/et_pb_section]<\/p>\n","protected":false},"excerpt":{"rendered":"<p>Qui sommes-nous ? Yume en bref Yume Solutions est une soci\u00e9t\u00e9 fond\u00e9e en 2016. Sp\u00e9cialis\u00e9 en conseil informatique et en d\u00e9veloppement, via sa filiale Yume Soft. Depuis sa cr\u00e9ation, Yume poursuit une croissance continue et forte. Yume a pour but d\u2019accompagner ses clients au travers de missions de conseil diverses et approfondies. Yume Solutions intervient [&hellip;]<\/p>\n","protected":false},"author":1,"featured_media":0,"parent":0,"menu_order":0,"comment_status":"closed","ping_status":"closed","template":"","meta":{"_et_pb_use_builder":"on","_et_pb_old_content":"","_et_gb_content_width":"","footnotes":""},"class_list":["post-485","page","type-page","status-publish","hentry"],"_links":{"self":[{"href":"https:\/\/yumesolutions.fr\/index.php\/wp-json\/wp\/v2\/pages\/485","targetHints":{"allow":["GET"]}}],"collection":[{"href":"https:\/\/yumesolutions.fr\/index.php\/wp-json\/wp\/v2\/pages"}],"about":[{"href":"https:\/\/yumesolutions.fr\/index.php\/wp-json\/wp\/v2\/types\/page"}],"author":[{"embeddable":true,"href":"https:\/\/yumesolutions.fr\/index.php\/wp-json\/wp\/v2\/users\/1"}],"replies":[{"embeddable":true,"href":"https:\/\/yumesolutions.fr\/index.php\/wp-json\/wp\/v2\/comments?post=485"}],"version-history":[{"count":25,"href":"https:\/\/yumesolutions.fr\/index.php\/wp-json\/wp\/v2\/pages\/485\/revisions"}],"predecessor-version":[{"id":1175,"href":"https:\/\/yumesolutions.fr\/index.php\/wp-json\/wp\/v2\/pages\/485\/revisions\/1175"}],"wp:attachment":[{"href":"https:\/\/yumesolutions.fr\/index.php\/wp-json\/wp\/v2\/media?parent=485"}],"curies":[{"name":"wp","href":"https:\/\/api.w.org\/{rel}","templated":true}]}}