{"id":454,"date":"2018-03-29T17:27:45","date_gmt":"2018-03-29T15:27:45","guid":{"rendered":"http:\/\/site.yumesolutions.fr\/?page_id=10"},"modified":"2018-03-29T17:27:45","modified_gmt":"2018-03-29T15:27:45","slug":"proteger","status":"publish","type":"page","link":"https:\/\/yumesolutions.fr\/index.php\/proteger\/","title":{"rendered":"Prot\u00e9ger"},"content":{"rendered":"<h1>H\u00e9bergement Cloud ou SAAS<\/h1>\n<ul>\n<li>Mise en \u0153uvre de votre syst\u00e8me d\u2019information dans des environnements s\u00e9curis\u00e9s et fiables<\/li>\n<li>Respect de vos contraintes r\u00e9glementaires<\/li>\n<li>Plan de Continuit\u00e9 d\u2019Activit\u00e9 \/Plan de reprise d\u2019activit\u00e9<\/li>\n<\/ul>\n","protected":false},"excerpt":{"rendered":"<p>H\u00e9bergement Cloud ou SAAS Mise en \u0153uvre de votre syst\u00e8me d\u2019information dans des environnements s\u00e9curis\u00e9s et fiables Respect de vos contraintes r\u00e9glementaires Plan de Continuit\u00e9 d\u2019Activit\u00e9 \/Plan de reprise d\u2019activit\u00e9<\/p>\n","protected":false},"author":1,"featured_media":0,"parent":0,"menu_order":0,"comment_status":"closed","ping_status":"closed","template":"","meta":{"_et_pb_use_builder":"","_et_pb_old_content":"","_et_gb_content_width":"","footnotes":""},"class_list":["post-454","page","type-page","status-publish","hentry"],"_links":{"self":[{"href":"https:\/\/yumesolutions.fr\/index.php\/wp-json\/wp\/v2\/pages\/454","targetHints":{"allow":["GET"]}}],"collection":[{"href":"https:\/\/yumesolutions.fr\/index.php\/wp-json\/wp\/v2\/pages"}],"about":[{"href":"https:\/\/yumesolutions.fr\/index.php\/wp-json\/wp\/v2\/types\/page"}],"author":[{"embeddable":true,"href":"https:\/\/yumesolutions.fr\/index.php\/wp-json\/wp\/v2\/users\/1"}],"replies":[{"embeddable":true,"href":"https:\/\/yumesolutions.fr\/index.php\/wp-json\/wp\/v2\/comments?post=454"}],"version-history":[{"count":0,"href":"https:\/\/yumesolutions.fr\/index.php\/wp-json\/wp\/v2\/pages\/454\/revisions"}],"wp:attachment":[{"href":"https:\/\/yumesolutions.fr\/index.php\/wp-json\/wp\/v2\/media?parent=454"}],"curies":[{"name":"wp","href":"https:\/\/api.w.org\/{rel}","templated":true}]}}