{"id":413,"date":"2019-03-19T19:37:11","date_gmt":"2019-03-19T18:37:11","guid":{"rendered":"https:\/\/yumesolutions.fr\/?page_id=413"},"modified":"2019-03-19T19:37:11","modified_gmt":"2019-03-19T18:37:11","slug":"dsi-de-transition","status":"publish","type":"page","link":"https:\/\/yumesolutions.fr\/index.php\/accueil\/dsi-de-transition\/","title":{"rendered":"DSI de transition"},"content":{"rendered":"<p>[et_pb_section fb_built=\u00a0\u00bb1&Prime; fullwidth=\u00a0\u00bbon\u00a0\u00bb _builder_version=\u00a0\u00bb4.5.6&Prime; bottom_divider_style=\u00a0\u00bbcurve2&Prime; bottom_divider_color=\u00a0\u00bb#2791a6&Prime; bottom_divider_height=\u00a0\u00bb0px\u00a0\u00bb][et_pb_fullwidth_header disabled_on=\u00a0\u00bbon||\u00a0\u00bb admin_label=\u00a0\u00bbEn-t\u00eate page\u00a0\u00bb _builder_version=\u00a0\u00bb4.5.6&Prime; background_color=\u00a0\u00bb#ffffff\u00a0\u00bb background_layout=\u00a0\u00bblight\u00a0\u00bb title_text_shadow_style=\u00a0\u00bbpreset1&Prime; text_shadow_style=\u00a0\u00bbpreset1&Prime; button_one_text_size__hover_enabled=\u00a0\u00bboff\u00a0\u00bb button_two_text_size__hover_enabled=\u00a0\u00bboff\u00a0\u00bb button_one_text_color__hover_enabled=\u00a0\u00bboff\u00a0\u00bb button_two_text_color__hover_enabled=\u00a0\u00bboff\u00a0\u00bb button_one_border_width__hover_enabled=\u00a0\u00bboff\u00a0\u00bb button_two_border_width__hover_enabled=\u00a0\u00bboff\u00a0\u00bb button_one_border_color__hover_enabled=\u00a0\u00bboff\u00a0\u00bb button_two_border_color__hover_enabled=\u00a0\u00bboff\u00a0\u00bb button_one_border_radius__hover_enabled=\u00a0\u00bboff\u00a0\u00bb button_two_border_radius__hover_enabled=\u00a0\u00bboff\u00a0\u00bb button_one_letter_spacing__hover_enabled=\u00a0\u00bboff\u00a0\u00bb button_two_letter_spacing__hover_enabled=\u00a0\u00bboff\u00a0\u00bb button_one_bg_color__hover_enabled=\u00a0\u00bboff\u00a0\u00bb button_two_bg_color__hover_enabled=\u00a0\u00bboff\u00a0\u00bb]<\/p>\n<h1 style=\"text-align: center;\">DSI de transition<\/h1>\n<p>[\/et_pb_fullwidth_header][\/et_pb_section][et_pb_section fb_built=\u00a0\u00bb1&Prime; _builder_version=\u00a0\u00bb4.5.6&Prime; background_color=\u00a0\u00bb#ffffff\u00a0\u00bb custom_padding=\u00a0\u00bb0px||0||false|false\u00a0\u00bb][et_pb_row _builder_version=\u00a0\u00bb3.25&Prime; background_size=\u00a0\u00bbinitial\u00a0\u00bb background_position=\u00a0\u00bbtop_left\u00a0\u00bb background_repeat=\u00a0\u00bbrepeat\u00a0\u00bb][et_pb_column type=\u00a0\u00bb4_4&Prime; _builder_version=\u00a0\u00bb3.25&Prime; custom_padding=\u00a0\u00bb|||\u00a0\u00bb custom_padding__hover=\u00a0\u00bb|||\u00a0\u00bb][et_pb_text _builder_version=\u00a0\u00bb4.5.7&Prime; hover_enabled=\u00a0\u00bb0&Prime;]<\/p>\n<h2>Pourquoi faire appel \u00e0 un DSI de transition\u00a0YUME Solutions ?<\/h2>\n<p><img loading=\"lazy\" decoding=\"async\" src=\"http:\/\/127.0.0.1\/wp-content\/uploads\/2019\/03\/directeur_des_systemes_dinformation.jpg\" alt=\"\" class=\"wp-image-419 alignnone size-full\" style=\"display: block; margin-left: auto; margin-right: auto;\" width=\"617\" height=\"338\" srcset=\"https:\/\/yumesolutions.fr\/wp-content\/uploads\/2019\/03\/directeur_des_systemes_dinformation.jpg 617w, https:\/\/yumesolutions.fr\/wp-content\/uploads\/2019\/03\/directeur_des_systemes_dinformation-300x164.jpg 300w\" sizes=\"(max-width: 617px) 100vw, 617px\" \/><\/p>\n<p>Les consultants de Yume Solutions sont sp\u00e9cialis\u00e9s dans le domaine des Syst\u00e8mes d\u2019Information et exercent depuis de nombreuses ann\u00e9es dans les DSI.<\/p>\n<p>\u00catre DSI de transition c\u2019est souvent g\u00e9rer, pour une dur\u00e9e d\u00e9termin\u00e9e, une direction informatique, afin d\u2019assurer son d\u00e9veloppement et\/ou la sortir d&rsquo;une situation de crise.<\/p>\n<p>Il doit assurer de nombreuses taches, qui peuvent \u00eatre tr\u00e8s vari\u00e9es\u00a0:<\/p>\n<ul>\n<li><strong>Contr\u00f4ler<\/strong> et maintenir le syst\u00e8me d\u2019information en conditions op\u00e9rationnelles,<\/li>\n<li><strong>Redresser<\/strong> et finaliser les projets en d\u00e9rive en visant des objectifs SMART (Sp\u00e9cifique, Mesurable, Acceptable, R\u00e9aliste et Temporellement d\u00e9fini)<\/li>\n<li>Optimiser le <strong>r\u00e9seau<\/strong> avec un point de vigilance tout particulier sur les lenteurs et la s\u00e9curit\u00e9,<\/li>\n<li><strong>Fusion<\/strong> de diff\u00e9rents SI dans le cadre de rapprochement d\u2019entreprise (acquisition \/ fusion),<\/li>\n<li>Revoir les <strong>contrats<\/strong> d&rsquo;infog\u00e9rance,<\/li>\n<li>Lancer des projets <strong>strat\u00e9giques<\/strong>,<\/li>\n<li>Maitrise des <strong>budgets<\/strong> informatiques avec une v\u00e9ritable priorit\u00e9. Le ROI (Return On Investment) est trop souvent oubli\u00e9 des DSI.<\/li>\n<li>R\u00e9aliser une chasse au pirate informatique,<\/li>\n<li>Mettre \u00e0 disposition des outils ou <strong>solutions<\/strong> techniques au service des <strong>directions et services de l\u2019entreprise<\/strong>, de mani\u00e8re \u00e0 assurer la continuit\u00e9 de service pendant la p\u00e9riode de la mission<\/li>\n<li>Passer en mode \u00ab\u00a0Am\u00e9lioration continue\u00a0\u00bb des <strong>performances<\/strong> globales du SI (mesurer la satisfaction utilisateur),<\/li>\n<li>Exploiter les <strong>donn\u00e9es<\/strong> dans une optique de mesures de performances SI et M\u00e9tier.<\/li>\n<li>\u2026<\/li>\n<\/ul>\n<p>&nbsp;<\/p>\n<p>Cela demande des comp\u00e9tences de direction de projet SI et de management d\u2019\u00e9quipe mais surtout une r\u00e9elle capacit\u00e9 \u00e0 g\u00e9rer les crises.<\/p>\n<p>Pour Yume Solutions, <strong>il est important pour le manager de transition de conna\u00eetre les limites de sa fonction<\/strong>. Au cours d&rsquo;une mission, le DSI de Transition n&rsquo;intervient pas pour r\u00e9organiser la soci\u00e9t\u00e9 mais devra \u00eatre <strong>force de propositions et pr\u00e9coniser des optimisations d\u2019organisation<\/strong>. Pour cela, en tant que manager de transition, il devra \u00e9tablir en priorit\u00e9 un contact de confiance aupr\u00e8s de la direction de l&rsquo;entreprise. Tout particuli\u00e8rement avec le directeur financier et le directeur g\u00e9n\u00e9ral.<\/p>\n<p>Pour obtenir cette <strong>confiance<\/strong> d\u00e8s le d\u00e9but de sa mission, YUME Solution <strong>pr\u00e9conise<\/strong> \u00e0 ses managers de transition de mener en parall\u00e8le la<strong> s\u00e9curisation du SI, la gestion de crise, et la r\u00e9alisation d\u2019un Sch\u00e9ma Directeur du SI (SDSI)<\/strong>. Cela assure le maintien du SI en condition op\u00e9rationnel et donne une v\u00e9ritable trajectoire au SI de l\u2019entreprise.<\/p>\n<p>[\/et_pb_text][\/et_pb_column][\/et_pb_row][\/et_pb_section]<\/p>\n","protected":false},"excerpt":{"rendered":"<p>DSI de transitionPourquoi faire appel \u00e0 un DSI de transition\u00a0YUME Solutions ? Les consultants de Yume Solutions sont sp\u00e9cialis\u00e9s dans le domaine des Syst\u00e8mes d\u2019Information et exercent depuis de nombreuses ann\u00e9es dans les DSI. \u00catre DSI de transition c\u2019est souvent g\u00e9rer, pour une dur\u00e9e d\u00e9termin\u00e9e, une direction informatique, afin d\u2019assurer son d\u00e9veloppement et\/ou la sortir [&hellip;]<\/p>\n","protected":false},"author":1,"featured_media":0,"parent":130,"menu_order":0,"comment_status":"closed","ping_status":"closed","template":"","meta":{"_et_pb_use_builder":"on","_et_pb_old_content":"","_et_gb_content_width":"","footnotes":""},"class_list":["post-413","page","type-page","status-publish","hentry"],"_links":{"self":[{"href":"https:\/\/yumesolutions.fr\/index.php\/wp-json\/wp\/v2\/pages\/413","targetHints":{"allow":["GET"]}}],"collection":[{"href":"https:\/\/yumesolutions.fr\/index.php\/wp-json\/wp\/v2\/pages"}],"about":[{"href":"https:\/\/yumesolutions.fr\/index.php\/wp-json\/wp\/v2\/types\/page"}],"author":[{"embeddable":true,"href":"https:\/\/yumesolutions.fr\/index.php\/wp-json\/wp\/v2\/users\/1"}],"replies":[{"embeddable":true,"href":"https:\/\/yumesolutions.fr\/index.php\/wp-json\/wp\/v2\/comments?post=413"}],"version-history":[{"count":0,"href":"https:\/\/yumesolutions.fr\/index.php\/wp-json\/wp\/v2\/pages\/413\/revisions"}],"up":[{"embeddable":true,"href":"https:\/\/yumesolutions.fr\/index.php\/wp-json\/wp\/v2\/pages\/130"}],"wp:attachment":[{"href":"https:\/\/yumesolutions.fr\/index.php\/wp-json\/wp\/v2\/media?parent=413"}],"curies":[{"name":"wp","href":"https:\/\/api.w.org\/{rel}","templated":true}]}}