{"id":1059,"date":"2025-12-02T15:03:42","date_gmt":"2025-12-02T14:03:42","guid":{"rendered":"https:\/\/yumesolutions.fr\/?page_id=1059"},"modified":"2025-12-09T14:15:46","modified_gmt":"2025-12-09T13:15:46","slug":"1059-2","status":"publish","type":"page","link":"https:\/\/yumesolutions.fr\/index.php\/1059-2\/","title":{"rendered":"D\u00e9veloppement"},"content":{"rendered":"<p>[et_pb_section fb_built=\u00a0\u00bb1&Prime; _builder_version=\u00a0\u00bb4.27.4&Prime; _module_preset=\u00a0\u00bbdefault\u00a0\u00bb global_colors_info=\u00a0\u00bb{}\u00a0\u00bb][et_pb_row _builder_version=\u00a0\u00bb4.27.4&Prime; _module_preset=\u00a0\u00bbdefault\u00a0\u00bb global_colors_info=\u00a0\u00bb{}\u00a0\u00bb][et_pb_column type=\u00a0\u00bb4_4&Prime; _builder_version=\u00a0\u00bb4.27.4&Prime; _module_preset=\u00a0\u00bbdefault\u00a0\u00bb global_colors_info=\u00a0\u00bb{}\u00a0\u00bb][et_pb_text _builder_version=\u00a0\u00bb4.27.5&Prime; _module_preset=\u00a0\u00bbdefault\u00a0\u00bb hover_enabled=\u00a0\u00bb0&Prime; global_colors_info=\u00a0\u00bb{}\u00a0\u00bb inline_fonts=\u00a0\u00bbArial\u00a0\u00bb sticky_enabled=\u00a0\u00bb0&Prime;]<\/p>\n<h2 style=\"text-align: center;\">D\u00e9veloppement logiciel<\/h2>\n<h3><span style=\"font-size: medium; font-family: Arial; font-weight: normal;\">Un d\u00e9veloppement sur-mesure<\/span><\/h3>\n<p><span style=\"font-family: Arial; font-weight: normal; font-size: medium;\">Yume Solutions con\u00e7oit et d\u00e9veloppe des solutions logicielles sur-mesure, pens\u00e9es pour r\u00e9pondre pr\u00e9cis\u00e9ment aux besoins op\u00e9rationnels et strat\u00e9giques de ses clients. Nos \u00e9quipes interviennent \u00e0 chaque \u00e9tape du projet, de la d\u00e9finition des exigences fonctionnelles \u00e0 la mise en production, en garantissant performance, fiabilit\u00e9 et \u00e9volutivit\u00e9.<\/span><\/p>\n<p><span style=\"font-family: Arial; font-weight: normal; font-size: medium;\">En combinant expertise technique et compr\u00e9hension des m\u00e9tiers, Yume Solutions cr\u00e9e des applications robustes, intuitives et adapt\u00e9es aux environnements les plus exigeants. Qu\u2019il s\u2019agisse d\u2019outils internes, de plateformes web ou de solutions int\u00e9grant l\u2019intelligence artificielle, notre approche vise \u00e0 offrir un d\u00e9veloppement \u00e0 forte valeur ajout\u00e9e, centr\u00e9 sur l\u2019efficacit\u00e9 et l\u2019exp\u00e9rience utilisateur.<\/span><\/p>\n<p><span style=\"font-family: Arial; font-weight: normal; font-size: medium;\">Yume Solutions s&rsquo;appuie sur une \u00e9quipe d\u00e9di\u00e9e de sa filiale Yume Soft, compos\u00e9e de profils exp\u00e9riment\u00e9s en d\u00e9veloppement et architecture logicielle. Vous pouvez retrouver la pr\u00e9sentation de <a href=\"https:\/\/yumesoft.fr\/\" target=\"_blank\" rel=\"noopener\">Yume Soft ici.<\/a><\/span><\/p>\n<p><a href=\"https:\/\/yumesolutions.fr\/#nous_rejoindre\"><span style=\"font-family: Arial; font-weight: normal; font-size: medium;\">Contactez nous pour en savoir plus !<\/span><\/a><\/p>\n<p>[\/et_pb_text][\/et_pb_column][\/et_pb_row][\/et_pb_section]<\/p>\n","protected":false},"excerpt":{"rendered":"<p>D\u00e9veloppement logiciel Un d\u00e9veloppement sur-mesure Yume Solutions con\u00e7oit et d\u00e9veloppe des solutions logicielles sur-mesure, pens\u00e9es pour r\u00e9pondre pr\u00e9cis\u00e9ment aux besoins op\u00e9rationnels et strat\u00e9giques de ses clients. Nos \u00e9quipes interviennent \u00e0 chaque \u00e9tape du projet, de la d\u00e9finition des exigences fonctionnelles \u00e0 la mise en production, en garantissant performance, fiabilit\u00e9 et \u00e9volutivit\u00e9. En combinant expertise technique [&hellip;]<\/p>\n","protected":false},"author":1,"featured_media":0,"parent":0,"menu_order":0,"comment_status":"closed","ping_status":"closed","template":"","meta":{"_et_pb_use_builder":"on","_et_pb_old_content":"","_et_gb_content_width":"","footnotes":""},"class_list":["post-1059","page","type-page","status-publish","hentry"],"_links":{"self":[{"href":"https:\/\/yumesolutions.fr\/index.php\/wp-json\/wp\/v2\/pages\/1059","targetHints":{"allow":["GET"]}}],"collection":[{"href":"https:\/\/yumesolutions.fr\/index.php\/wp-json\/wp\/v2\/pages"}],"about":[{"href":"https:\/\/yumesolutions.fr\/index.php\/wp-json\/wp\/v2\/types\/page"}],"author":[{"embeddable":true,"href":"https:\/\/yumesolutions.fr\/index.php\/wp-json\/wp\/v2\/users\/1"}],"replies":[{"embeddable":true,"href":"https:\/\/yumesolutions.fr\/index.php\/wp-json\/wp\/v2\/comments?post=1059"}],"version-history":[{"count":8,"href":"https:\/\/yumesolutions.fr\/index.php\/wp-json\/wp\/v2\/pages\/1059\/revisions"}],"predecessor-version":[{"id":1158,"href":"https:\/\/yumesolutions.fr\/index.php\/wp-json\/wp\/v2\/pages\/1059\/revisions\/1158"}],"wp:attachment":[{"href":"https:\/\/yumesolutions.fr\/index.php\/wp-json\/wp\/v2\/media?parent=1059"}],"curies":[{"name":"wp","href":"https:\/\/api.w.org\/{rel}","templated":true}]}}